{"id":12996,"date":"2021-01-21T16:01:08","date_gmt":"2021-01-21T15:01:08","guid":{"rendered":"https:\/\/pracovisko.ffukf.sk\/aktivity\/"},"modified":"2021-03-11T14:05:46","modified_gmt":"2021-03-11T13:05:46","slug":"aktivity","status":"publish","type":"page","link":"https:\/\/ukm.ff.ukf.sk\/en\/aktivity\/","title":{"rendered":"Activities of the Department"},"content":{"rendered":"<p><strong>Journal Contexts of Culture and Tourism<br \/>\n<\/strong>The Department of Culture and Tourism Management has been publishing the scientific journal Contexts of Culture and Tourism since 2008. It focuses on different contexts of culture and tourism. It contains professional articles from various scientific disciplines, reviews, and reports. The journal is focused on selected topics from culturology, ethnology, archaeology, European law, architecture, religion, ethics, musicology, history, research methodology, regional development, and tourism. It provides insight into the issues of ethnic minorities, ethnic assimilation, confession, multiculturalism, traditional culture, marketing, cultural heritage, identity, cross-border cooperation, and specific forms of tourism. The structure of the journal is supplemented by reviews of current books and reports on the activities of the department.<\/p>\n<p><strong>Excursions<\/strong><br \/>\nThe study programme includes domestic and foreign professional excursions. They contribute to expanding the professional profile of students and to practicing their organizational and tour guiding skills. Within Slovakia, the most important cultural monuments of the selected region (or regions), natural locations, or important events (e.g. tourism fairs) are visited. As far as the foreign excursions are concerned, students have visited Italy, Romania, Moldova, Austria, Poland, Latvia, Lithuania, and (quite frequently) the Czech Republic several times. They took part in the Paris-London-Amsterdam excursion. The furthest place they have visited so far is Russian St. Petersburg.<\/p>\n<p><strong>Student mobility<br \/>\n<\/strong>Students have the opportunity to travel abroad within the Erasmus+ programme for semester study stays and internships. Among the most frequently chosen countries belong Italy, Germany, Spain, the Czech Republic, Poland, and Turkey.<\/p>\n<p><strong>Conferences<\/strong><br \/>\nEvery year, the Department of Culture and Tourism Management organizes an event Student\u2019s Scientific, Professional and Artistic Activity (\u0160VOU\u010c). \u0160VOU\u010c is an activity where students\u2019 scientific and professional works are presented. Its aim is to support students\u2019 activity in any scientific, empirical, and practical projects. \u0160VOU\u010c is the basis for the creation of bachelor\u2019s and master\u2019s theses and provides space for individual presentation of their professional and practical knowledge. The topics of \u0160VOU\u010c include for example business plans in gastronomy, hospitality, new trends in tourism, project activities, contexts of specific forms and types of tourism, marketing, or promotion. In the field of culture, the projects are focused primarily on the evaluation and presentation of cultural tourism, cultural heritage, traditional gastronomy, folklore, and the presentation of cultural events.<\/p>\n<p><strong>Tourist guide<\/strong><br \/>\nThe Department has been an accredited institution for Tourist Guide further education courses since 2003. Graduates of the course receive a valid certificate that enables them to practice the profession of a travel agency resort representative and a tourist guide. Participants deepen their knowledge of tourism geography, history, and culture of Slovakia, economy, the methodology of tourist guide activity, techniques of tourism services, travel agencies, creating an itinerary (detailed schedule of a tour), and current social events. The course also includes a First Aid Course and practical demonstrations of guiding activities during professional excursions.<\/p>\n","protected":false},"excerpt":{"rendered":"<p>Journal Contexts of Culture and Tourism The Department of Culture&#8230;<\/p>\n","protected":false},"author":10,"featured_media":0,"parent":0,"menu_order":0,"comment_status":"closed","ping_status":"closed","template":"","meta":{"_acf_changed":false,"footnotes":""},"class_list":["post-12996","page","type-page","status-publish","hentry"],"acf":[],"yoast_head":"<!-- This site is optimized with the Yoast SEO plugin v27.0 - https:\/\/yoast.com\/product\/yoast-seo-wordpress\/ -->\n<title>Activities of the Department - UKM FF UKF<\/title>\n<meta name=\"robots\" content=\"index, follow, max-snippet:-1, max-image-preview:large, max-video-preview:-1\" \/>\n<link rel=\"canonical\" href=\"https:\/\/ukm.ff.ukf.sk\/aktivity\/\" \/>\n<meta property=\"og:locale\" content=\"en_US\" \/>\n<meta property=\"og:type\" content=\"article\" \/>\n<meta property=\"og:title\" content=\"Activities of the Department - UKM FF UKF\" \/>\n<meta property=\"og:description\" content=\"Journal Contexts of Culture and Tourism The Department of Culture...\" \/>\n<meta property=\"og:url\" content=\"https:\/\/ukm.ff.ukf.sk\/aktivity\/\" \/>\n<meta property=\"og:site_name\" content=\"UKM FF UKF\" \/>\n<meta property=\"article:modified_time\" content=\"2021-03-11T13:05:46+00:00\" \/>\n<meta name=\"twitter:card\" content=\"summary_large_image\" \/>\n<meta name=\"twitter:label1\" content=\"Est. reading time\" \/>\n\t<meta name=\"twitter:data1\" content=\"3 minutes\" \/>\n<script type=\"application\/ld+json\" class=\"yoast-schema-graph\">{\"@context\":\"https:\/\/schema.org\",\"@graph\":[{\"@type\":\"WebPage\",\"@id\":\"https:\/\/ukm.ff.ukf.sk\/aktivity\/\",\"url\":\"https:\/\/ukm.ff.ukf.sk\/aktivity\/\",\"name\":\"Activities of the Department - UKM FF UKF\",\"isPartOf\":{\"@id\":\"https:\/\/ukm.ff.ukf.sk\/#website\"},\"datePublished\":\"2021-01-21T15:01:08+00:00\",\"dateModified\":\"2021-03-11T13:05:46+00:00\",\"breadcrumb\":{\"@id\":\"https:\/\/ukm.ff.ukf.sk\/aktivity\/#breadcrumb\"},\"inLanguage\":\"en-US\",\"potentialAction\":[{\"@type\":\"ReadAction\",\"target\":[\"https:\/\/ukm.ff.ukf.sk\/aktivity\/\"]}]},{\"@type\":\"BreadcrumbList\",\"@id\":\"https:\/\/ukm.ff.ukf.sk\/aktivity\/#breadcrumb\",\"itemListElement\":[{\"@type\":\"ListItem\",\"position\":1,\"name\":\"Home\",\"item\":\"https:\/\/ukm.ff.ukf.sk\/\"},{\"@type\":\"ListItem\",\"position\":2,\"name\":\"Activities of the Department\"}]},{\"@type\":\"WebSite\",\"@id\":\"https:\/\/ukm.ff.ukf.sk\/#website\",\"url\":\"https:\/\/ukm.ff.ukf.sk\/\",\"name\":\"UKM FF UKF\",\"description\":\"\u00dastav pre v\u00fdskum kult\u00farneho dedi\u010dstva Kon\u0161tant\u00edna a Metoda\",\"publisher\":{\"@id\":\"https:\/\/ukm.ff.ukf.sk\/#organization\"},\"potentialAction\":[{\"@type\":\"SearchAction\",\"target\":{\"@type\":\"EntryPoint\",\"urlTemplate\":\"https:\/\/ukm.ff.ukf.sk\/?s={search_term_string}\"},\"query-input\":{\"@type\":\"PropertyValueSpecification\",\"valueRequired\":true,\"valueName\":\"search_term_string\"}}],\"inLanguage\":\"en-US\"},{\"@type\":\"Organization\",\"@id\":\"https:\/\/ukm.ff.ukf.sk\/#organization\",\"name\":\"UKM FF UKF\",\"url\":\"https:\/\/ukm.ff.ukf.sk\/\",\"logo\":{\"@type\":\"ImageObject\",\"inLanguage\":\"en-US\",\"@id\":\"https:\/\/ukm.ff.ukf.sk\/#\/schema\/logo\/image\/\",\"url\":\"https:\/\/ukm.ff.ukf.sk\/wp-content\/uploads\/2024\/02\/logo-ustav.png\",\"contentUrl\":\"https:\/\/ukm.ff.ukf.sk\/wp-content\/uploads\/2024\/02\/logo-ustav.png\",\"width\":500,\"height\":120,\"caption\":\"UKM FF UKF\"},\"image\":{\"@id\":\"https:\/\/ukm.ff.ukf.sk\/#\/schema\/logo\/image\/\"}}]}<\/script>\n<!-- \/ Yoast SEO plugin. -->","yoast_head_json":{"title":"Activities of the Department - UKM FF UKF","robots":{"index":"index","follow":"follow","max-snippet":"max-snippet:-1","max-image-preview":"max-image-preview:large","max-video-preview":"max-video-preview:-1"},"canonical":"https:\/\/ukm.ff.ukf.sk\/aktivity\/","og_locale":"en_US","og_type":"article","og_title":"Activities of the Department - UKM FF UKF","og_description":"Journal Contexts of Culture and Tourism The Department of Culture...","og_url":"https:\/\/ukm.ff.ukf.sk\/aktivity\/","og_site_name":"UKM FF UKF","article_modified_time":"2021-03-11T13:05:46+00:00","twitter_card":"summary_large_image","twitter_misc":{"Est. reading time":"3 minutes"},"schema":{"@context":"https:\/\/schema.org","@graph":[{"@type":"WebPage","@id":"https:\/\/ukm.ff.ukf.sk\/aktivity\/","url":"https:\/\/ukm.ff.ukf.sk\/aktivity\/","name":"Activities of the Department - UKM FF UKF","isPartOf":{"@id":"https:\/\/ukm.ff.ukf.sk\/#website"},"datePublished":"2021-01-21T15:01:08+00:00","dateModified":"2021-03-11T13:05:46+00:00","breadcrumb":{"@id":"https:\/\/ukm.ff.ukf.sk\/aktivity\/#breadcrumb"},"inLanguage":"en-US","potentialAction":[{"@type":"ReadAction","target":["https:\/\/ukm.ff.ukf.sk\/aktivity\/"]}]},{"@type":"BreadcrumbList","@id":"https:\/\/ukm.ff.ukf.sk\/aktivity\/#breadcrumb","itemListElement":[{"@type":"ListItem","position":1,"name":"Home","item":"https:\/\/ukm.ff.ukf.sk\/"},{"@type":"ListItem","position":2,"name":"Activities of the Department"}]},{"@type":"WebSite","@id":"https:\/\/ukm.ff.ukf.sk\/#website","url":"https:\/\/ukm.ff.ukf.sk\/","name":"UKM FF UKF","description":"\u00dastav pre v\u00fdskum kult\u00farneho dedi\u010dstva Kon\u0161tant\u00edna a Metoda","publisher":{"@id":"https:\/\/ukm.ff.ukf.sk\/#organization"},"potentialAction":[{"@type":"SearchAction","target":{"@type":"EntryPoint","urlTemplate":"https:\/\/ukm.ff.ukf.sk\/?s={search_term_string}"},"query-input":{"@type":"PropertyValueSpecification","valueRequired":true,"valueName":"search_term_string"}}],"inLanguage":"en-US"},{"@type":"Organization","@id":"https:\/\/ukm.ff.ukf.sk\/#organization","name":"UKM FF UKF","url":"https:\/\/ukm.ff.ukf.sk\/","logo":{"@type":"ImageObject","inLanguage":"en-US","@id":"https:\/\/ukm.ff.ukf.sk\/#\/schema\/logo\/image\/","url":"https:\/\/ukm.ff.ukf.sk\/wp-content\/uploads\/2024\/02\/logo-ustav.png","contentUrl":"https:\/\/ukm.ff.ukf.sk\/wp-content\/uploads\/2024\/02\/logo-ustav.png","width":500,"height":120,"caption":"UKM FF UKF"},"image":{"@id":"https:\/\/ukm.ff.ukf.sk\/#\/schema\/logo\/image\/"}}]}},"_links":{"self":[{"href":"https:\/\/ukm.ff.ukf.sk\/en\/wp-json\/wp\/v2\/pages\/12996","targetHints":{"allow":["GET"]}}],"collection":[{"href":"https:\/\/ukm.ff.ukf.sk\/en\/wp-json\/wp\/v2\/pages"}],"about":[{"href":"https:\/\/ukm.ff.ukf.sk\/en\/wp-json\/wp\/v2\/types\/page"}],"author":[{"embeddable":true,"href":"https:\/\/ukm.ff.ukf.sk\/en\/wp-json\/wp\/v2\/users\/10"}],"replies":[{"embeddable":true,"href":"https:\/\/ukm.ff.ukf.sk\/en\/wp-json\/wp\/v2\/comments?post=12996"}],"version-history":[{"count":2,"href":"https:\/\/ukm.ff.ukf.sk\/en\/wp-json\/wp\/v2\/pages\/12996\/revisions"}],"predecessor-version":[{"id":12998,"href":"https:\/\/ukm.ff.ukf.sk\/en\/wp-json\/wp\/v2\/pages\/12996\/revisions\/12998"}],"wp:attachment":[{"href":"https:\/\/ukm.ff.ukf.sk\/en\/wp-json\/wp\/v2\/media?parent=12996"}],"curies":[{"name":"wp","href":"https:\/\/api.w.org\/{rel}","templated":true}]}}